{"id":64,"date":"2022-05-19T19:50:50","date_gmt":"2022-05-19T17:50:50","guid":{"rendered":"https:\/\/amify-studio.xtr3m.net\/?page_id=64"},"modified":"2026-03-07T16:45:49","modified_gmt":"2026-03-07T15:45:49","slug":"prestation-offerte","status":"publish","type":"page","link":"https:\/\/amify-studio.fr\/?page_id=64","title":{"rendered":"Prestations\/Contact"},"content":{"rendered":"\n<div class=\"wp-block-group alignfull is-layout-flow wp-block-group-is-layout-flow\">\n<p class=\"has-text-align-center has-foreground-color has-background-background-color has-text-color has-background has-link-color has-large-font-size wp-elements-2606673b3fc138726e4139de72896378\"><strong>Prestations<\/strong> (Multim\u00e9dia)<\/p>\n<\/div>\n\n\n\n<ul class=\"wp-block-list\">\n<li>Enregistrement d&rsquo;instruments, chant. D\u00e9placement sur place possible (Is\u00e8re et alentours)<\/li>\n\n\n\n<li>Technique du son tel que : nettoyage audio, suppression d\u2019\u00e9l\u00e9ments dans pistes audios ou chanson<\/li>\n\n\n\n<li>Mixage de morceaux, d&rsquo;album via Stems \u00ab\u00a0.wav\u00a0\u00bb et piste Midi<\/li>\n\n\n\n<li>Composition de musique originale pour tout usage<\/li>\n\n\n\n<li>Masterisation pour Streaming ou CD<\/li>\n\n\n\n<li>Autres prestations telles que :\n<ul class=\"wp-block-list\">\n<li>Traitement d&rsquo;image et de vid\u00e9o (am\u00e9lioration, retouche, cr\u00e9ation, modification)<\/li>\n\n\n\n<li>Cr\u00e9ation de logo<\/li>\n\n\n\n<li>Montage vid\u00e9o<\/li>\n<\/ul>\n<\/li>\n<\/ul>\n\n\n\n<hr class=\"wp-block-separator has-alpha-channel-opacity\"\/>\n\n\n\n<div class=\"wp-block-group alignfull is-layout-flow wp-block-group-is-layout-flow\">\n<p class=\"has-text-align-center has-foreground-color has-background-background-color has-text-color has-background has-link-color has-large-font-size wp-elements-111eac4d6b983826010386b842d3f004\"><strong>Prestations<\/strong> (Autres)<\/p>\n<\/div>\n\n\n\n<p><\/p>\n\n\n\n<ul class=\"wp-block-list\">\n<li>Informatique, logiciel, conseil, domotique, programmation\n<ul class=\"wp-block-list\">\n<li>Programmation de scripts d&rsquo;automatisations<\/li>\n\n\n\n<li>Configuration informatique<\/li>\n\n\n\n<li>Configuration domotique<\/li>\n\n\n\n<li>Assistance technique<\/li>\n\n\n\n<li>Informatique et outils<\/li>\n\n\n\n<li>Besoins sp\u00e9cifiques sur demande<\/li>\n<\/ul>\n<\/li>\n<\/ul>\n\n\n\n<hr class=\"wp-block-separator has-alpha-channel-opacity\"\/>\n\n\n\n<div class=\"wp-block-group alignfull is-layout-flow wp-block-group-is-layout-flow\">\n<p class=\"has-text-align-center has-foreground-color has-background-background-color has-text-color has-background has-link-color has-large-font-size wp-elements-2dc093bb44fb28695bfc067737df35b4\"><strong>Tarifs<\/strong><\/p>\n<\/div>\n\n\n\n<p class=\"has-small-font-size\">Tarifs types : <em>(Tarifs soumis \u00e0 modifications apr\u00e8s analyse des besoins du projet)<\/em><\/p>\n\n\n\n<div class=\"wp-block-columns alignwide is-layout-flex wp-container-core-columns-is-layout-28f84493 wp-block-columns-is-layout-flex\">\n<div class=\"wp-block-column is-layout-flow wp-block-column-is-layout-flow\" style=\"flex-basis:33.33%\">\n<p class=\"has-text-align-right\">120\u20ac<br>15-35\u20ac\/Heures<br>A partir de 100\u20ac<br>A partir de 20\u20ac<br><br>35\u20ac\/Heures<\/p>\n\n\n\n<p class=\"has-text-align-right\">A partir de 150\u20ac<\/p>\n\n\n\n<p class=\"has-text-align-right\">A partir de 35\u20ac\/Heures<br><\/p>\n<\/div>\n\n\n\n<div class=\"wp-block-column is-layout-flow wp-block-column-is-layout-flow\" style=\"flex-basis:66.66%\">\n<p class=\"has-text-align-left\">&gt; Journ\u00e9e d&rsquo;enregistrement musiciens en studio (7h)<br>&gt; Mixage d&rsquo;un morceau (tous genres)<br>&gt; Mastering (1 morceau ou 1 album) .WAV et .DDP (pour pressage CD)<br>&gt; Technique avanc\u00e9e du son (nettoyage de parasites, retrait d&rsquo;un bruit de fond, isolation d&rsquo;instruments, etc)<br>&gt; Autres services autour de l&rsquo;audio<\/p>\n\n\n\n<p>&gt; Ing\u00e9nieur du son \u00e9v\u00e8nementiel (uniquement prestation)<\/p>\n\n\n\n<p class=\"has-text-align-left\">&gt; Autres prestations (informatique en g\u00e9n\u00e9rale, support logiciels, code, automatisation, sur demande, etc.)<\/p>\n\n\n\n<p><\/p>\n<\/div>\n<\/div>\n\n\n\n<hr class=\"wp-block-separator has-alpha-channel-opacity\"\/>\n\n\n\n<div class=\"wp-block-group alignfull is-layout-flow wp-block-group-is-layout-flow\">\n<p class=\"has-text-align-center has-foreground-color has-background-background-color has-text-color has-background has-link-color has-large-font-size wp-elements-f3ef44e7d5b73d3ad8aec65104bbf8ba\"><strong>Contact<\/strong><\/p>\n<\/div>\n\n\n\n<p>Fournissez vos fichiers sources (wav, mp3, etc) avec votre demande pour obtenir un aper\u00e7u du r\u00e9sultat gratuitement et sans engagement.<\/p>\n\n\n\n<p>Par mail :  <a href=\"mailto:contact@amify-studio.fr\">contact@amify-studio.fr<\/a><\/p>\n\n\n\n<p><\/p>\n\n\n\n<hr class=\"wp-block-separator has-alpha-channel-opacity\"\/>\n","protected":false},"excerpt":{"rendered":"<p>Prestations (Multim\u00e9dia) Prestations (Autres) Tarifs Tarifs types : (Tarifs soumis \u00e0 modifications apr\u00e8s analyse des besoins du projet) 120\u20ac15-35\u20ac\/HeuresA partir de 100\u20acA partir de 20\u20ac 35\u20ac\/Heures A partir de 150\u20ac A partir de 35\u20ac\/Heures &gt; Journ\u00e9e d&rsquo;enregistrement musiciens en studio (7h)&gt; Mixage d&rsquo;un morceau (tous genres)&gt; Mastering (1 morceau ou 1 album) .WAV et .DDP [&hellip;]<\/p>\n","protected":false},"author":1,"featured_media":0,"parent":0,"menu_order":0,"comment_status":"closed","ping_status":"closed","template":"","meta":{"footnotes":""},"class_list":["post-64","page","type-page","status-publish","hentry"],"_links":{"self":[{"href":"https:\/\/amify-studio.fr\/index.php?rest_route=\/wp\/v2\/pages\/64","targetHints":{"allow":["GET"]}}],"collection":[{"href":"https:\/\/amify-studio.fr\/index.php?rest_route=\/wp\/v2\/pages"}],"about":[{"href":"https:\/\/amify-studio.fr\/index.php?rest_route=\/wp\/v2\/types\/page"}],"author":[{"embeddable":true,"href":"https:\/\/amify-studio.fr\/index.php?rest_route=\/wp\/v2\/users\/1"}],"replies":[{"embeddable":true,"href":"https:\/\/amify-studio.fr\/index.php?rest_route=%2Fwp%2Fv2%2Fcomments&post=64"}],"version-history":[{"count":29,"href":"https:\/\/amify-studio.fr\/index.php?rest_route=\/wp\/v2\/pages\/64\/revisions"}],"predecessor-version":[{"id":379,"href":"https:\/\/amify-studio.fr\/index.php?rest_route=\/wp\/v2\/pages\/64\/revisions\/379"}],"wp:attachment":[{"href":"https:\/\/amify-studio.fr\/index.php?rest_route=%2Fwp%2Fv2%2Fmedia&parent=64"}],"curies":[{"name":"wp","href":"https:\/\/api.w.org\/{rel}","templated":true}]}}