{"id":264,"date":"2022-05-25T13:34:44","date_gmt":"2022-05-25T11:34:44","guid":{"rendered":"http:\/\/192.168.20.125:8383\/?page_id=264"},"modified":"2022-05-25T20:41:17","modified_gmt":"2022-05-25T18:41:17","slug":"pourquoi-amify-studio","status":"publish","type":"page","link":"https:\/\/amify-studio.fr\/?page_id=264","title":{"rendered":"Pourquoi Amify Studio ?"},"content":{"rendered":"\n<div class=\"wp-block-group alignfull is-layout-flow wp-block-group-is-layout-flow\">\n<p class=\"has-text-align-center has-foreground-color has-background-background-color has-text-color has-background has-link-color has-large-font-size wp-elements-93346cfaf22daeeb0100988f46d909bb\"><strong>Mission d&rsquo;Amify Studio<\/strong><\/p>\n<\/div>\n\n\n\n<p class=\"has-text-align-center\"><strong>Les services d&rsquo;Amify Studio sont ouverts aux professionnels et aux particuliers<\/strong><\/p>\n\n\n\n<div class=\"wp-block-columns alignwide is-layout-flex wp-container-core-columns-is-layout-28f84493 wp-block-columns-is-layout-flex\">\n<div class=\"wp-block-column is-vertically-aligned-center is-layout-flow wp-block-column-is-layout-flow\" style=\"flex-basis:33.33%\">\n<figure class=\"wp-block-image aligncenter size-full\"><img loading=\"lazy\" decoding=\"async\" width=\"533\" height=\"533\" src=\"http:\/\/192.168.20.125:8383\/wp-content\/uploads\/2022\/05\/A.sch3-Studio-Amify-Studio.png\" alt=\"Logo Amify\" class=\"wp-image-9\" srcset=\"https:\/\/amify-studio.fr\/wp-content\/uploads\/2022\/05\/A.sch3-Studio-Amify-Studio.png 533w, https:\/\/amify-studio.fr\/wp-content\/uploads\/2022\/05\/A.sch3-Studio-Amify-Studio-300x300.png 300w, https:\/\/amify-studio.fr\/wp-content\/uploads\/2022\/05\/A.sch3-Studio-Amify-Studio-150x150.png 150w\" sizes=\"auto, (max-width: 533px) 100vw, 533px\" \/><\/figure>\n<\/div>\n\n\n\n<div class=\"wp-block-column is-vertically-aligned-center is-layout-flow wp-block-column-is-layout-flow\" style=\"flex-basis:66.66%\">\n<p>L&rsquo;\u00e9volution technologique a permis l&rsquo;essor de nombreux artistes et \u00e0 de nouveaux genres musicaux d&rsquo;exister.<\/p>\n\n\n\n<p>L&rsquo;acc\u00e8s \u00e0 la cr\u00e9ation artistique (musicale ou autre) pour tous, tant en terme de formation qu&rsquo;en terme financier est devenue une r\u00e9alit\u00e9 en moins d&rsquo;une vingtaine d&rsquo;ann\u00e9es, pour beaucoup gr\u00e2ce \u00e0 l&rsquo;informatique et aux puissances de calculs d\u00e9sormais atteintes.<\/p>\n\n\n\n<p>Avec ce large \u00e9ventail de choix est apparu une certaine confusion prenant la forme de \u00ab\u00a0par o\u00f9 commencer ?\u00a0\u00bb.<\/p>\n\n\n\n<p>Amify vous accompagne dans vos projets artistiques afin de r\u00e9pondre \u00e0 vos besoins avec aisance et clart\u00e9.<\/p>\n<\/div>\n<\/div>\n\n\n\n<hr class=\"wp-block-separator has-alpha-channel-opacity\"\/>\n\n\n\n<div class=\"wp-block-group alignfull is-layout-flow wp-block-group-is-layout-flow\">\n<p class=\"has-text-align-center has-foreground-color has-background-background-color has-text-color has-background has-link-color has-large-font-size wp-elements-3c5cb938de5839b103285e614650cd08\"><strong>D\u00e9roulement d&rsquo;un projet avec Amify Studio<\/strong><\/p>\n<\/div>\n\n\n\n<div class=\"wp-block-columns alignwide is-layout-flex wp-container-core-columns-is-layout-28f84493 wp-block-columns-is-layout-flex\">\n<div class=\"wp-block-column is-vertically-aligned-center is-layout-flow wp-block-column-is-layout-flow\" style=\"flex-basis:33.33%\">\n<figure class=\"wp-block-image aligncenter size-medium\"><img loading=\"lazy\" decoding=\"async\" width=\"300\" height=\"300\" src=\"http:\/\/192.168.20.125:8383\/wp-content\/uploads\/2022\/05\/Mail-icon-1-300x300.png\" alt=\"\" class=\"wp-image-307\" srcset=\"https:\/\/amify-studio.fr\/wp-content\/uploads\/2022\/05\/Mail-icon-1-300x300.png 300w, https:\/\/amify-studio.fr\/wp-content\/uploads\/2022\/05\/Mail-icon-1-150x150.png 150w, https:\/\/amify-studio.fr\/wp-content\/uploads\/2022\/05\/Mail-icon-1.png 512w\" sizes=\"auto, (max-width: 300px) 100vw, 300px\" \/><\/figure>\n<\/div>\n\n\n\n<div class=\"wp-block-column is-vertically-aligned-center is-layout-flow wp-block-column-is-layout-flow\" style=\"flex-basis:66.66%\">\n<p>Prise de contact par e-mail :<br>Exposez votre projet, par exemple pour le mixage et mastering d&rsquo;un EP<\/p>\n\n\n\n<blockquote class=\"wp-block-quote is-layout-flow wp-block-quote-is-layout-flow\"><p><em>\u00ab\u00a0Je voudrais sortir mon EP sur Spotify, mais mes morceaux ne sonnent pas comme ceux qui passent en radio et Spotify me parle de -14 db LUFS de quoi s&rsquo;agit-il ?\u00a0\u00bb<\/em><\/p><cite>Exemple de prise de contact<\/cite><\/blockquote>\n<\/div>\n<\/div>\n\n\n\n<div class=\"wp-block-columns alignwide is-layout-flex wp-container-core-columns-is-layout-28f84493 wp-block-columns-is-layout-flex\">\n<div class=\"wp-block-column is-vertically-aligned-center is-layout-flow wp-block-column-is-layout-flow\" style=\"flex-basis:66.66%\">\n<ul class=\"wp-block-list\"><li>Parlez de votre musique ; genres, inspirations, influences et tous commentaires personnels pouvant aider \u00e0 se mettre dans votre t\u00eate et r\u00e9aliser le travail que vous attendez.<\/li><li>Envoyez vos morceaux, m\u00eame en mp3, tels que vous les avez initialement faits.<\/li><li>Joignez les stems (piste audio .wav contenant des groupes d&rsquo;instruments ou instruments seuls non mix\u00e9s) si vous souhaitez avoir un aper\u00e7u gratuit de ce que peut donner le travail d&rsquo;Amify Studio sur votre projet.<\/li><\/ul>\n<\/div>\n\n\n\n<div class=\"wp-block-column is-vertically-aligned-center is-layout-flow wp-block-column-is-layout-flow\" style=\"flex-basis:33.33%\">\n<figure class=\"wp-block-image aligncenter size-medium\"><img loading=\"lazy\" decoding=\"async\" width=\"300\" height=\"300\" src=\"http:\/\/192.168.20.125:8383\/wp-content\/uploads\/2022\/05\/Bulle-300x300.png\" alt=\"\" class=\"wp-image-300\" srcset=\"https:\/\/amify-studio.fr\/wp-content\/uploads\/2022\/05\/Bulle-300x300.png 300w, https:\/\/amify-studio.fr\/wp-content\/uploads\/2022\/05\/Bulle-1024x1024.png 1024w, https:\/\/amify-studio.fr\/wp-content\/uploads\/2022\/05\/Bulle-150x150.png 150w, https:\/\/amify-studio.fr\/wp-content\/uploads\/2022\/05\/Bulle-768x768.png 768w, https:\/\/amify-studio.fr\/wp-content\/uploads\/2022\/05\/Bulle-1536x1536.png 1536w, https:\/\/amify-studio.fr\/wp-content\/uploads\/2022\/05\/Bulle.png 1600w\" sizes=\"auto, (max-width: 300px) 100vw, 300px\" \/><\/figure>\n<\/div>\n<\/div>\n\n\n\n<div class=\"wp-block-columns alignwide is-layout-flex wp-container-core-columns-is-layout-28f84493 wp-block-columns-is-layout-flex\">\n<div class=\"wp-block-column is-vertically-aligned-center is-layout-flow wp-block-column-is-layout-flow\" style=\"flex-basis:33.33%\">\n<figure class=\"wp-block-image aligncenter size-medium is-resized\"><img loading=\"lazy\" decoding=\"async\" src=\"http:\/\/192.168.20.125:8383\/wp-content\/uploads\/2022\/05\/Devis-logo-300x300.png\" alt=\"Devis logo\" class=\"wp-image-304\" width=\"225\" height=\"225\" srcset=\"https:\/\/amify-studio.fr\/wp-content\/uploads\/2022\/05\/Devis-logo-300x300.png 300w, https:\/\/amify-studio.fr\/wp-content\/uploads\/2022\/05\/Devis-logo-150x150.png 150w, https:\/\/amify-studio.fr\/wp-content\/uploads\/2022\/05\/Devis-logo.png 512w\" sizes=\"auto, (max-width: 225px) 100vw, 225px\" \/><\/figure>\n<\/div>\n\n\n\n<div class=\"wp-block-column is-vertically-aligned-center is-layout-flow wp-block-column-is-layout-flow\" style=\"flex-basis:66.66%\">\n<p>Vous obtiendrez une r\u00e9ponse avec une proposition commerciale et un exemple en mp3 du r\u00e9sultat qu&rsquo;il est possible d&rsquo;obtenir si vous avez fourni des sources.<\/p>\n<\/div>\n<\/div>\n\n\n\n<div class=\"wp-block-columns alignwide is-layout-flex wp-container-core-columns-is-layout-28f84493 wp-block-columns-is-layout-flex\">\n<div class=\"wp-block-column is-vertically-aligned-center is-layout-flow wp-block-column-is-layout-flow\" style=\"flex-basis:66.66%\">\n<p>Apr\u00e8s conclusion d&rsquo;un accord commercial et technique concernant le projet, vous recevrez un premier jet de votre projet mix\u00e9 et masteris\u00e9 dans les d\u00e9lais convenus lors du contrat.<\/p>\n\n\n\n<p>Amify Studio assure \u00e9galement une veille de votre projet et vous offre jusqu&rsquo;\u00e0 5 r\u00e9visions du projet pendant 6 mois sans aucun frais sur simple demande, dans la limite du raisonnable (Typiquement ce qui modifie profond\u00e9ment l&rsquo;existant n\u00e9cessitera une nouvelle proposition commerciale).<\/p>\n<\/div>\n\n\n\n<div class=\"wp-block-column is-vertically-aligned-center is-layout-flow wp-block-column-is-layout-flow\" style=\"flex-basis:33.33%\">\n<figure class=\"wp-block-image aligncenter size-medium is-resized\"><img loading=\"lazy\" decoding=\"async\" src=\"http:\/\/192.168.20.125:8383\/wp-content\/uploads\/2022\/05\/audio-file-300x300.png\" alt=\"\" class=\"wp-image-301\" width=\"225\" height=\"225\" srcset=\"https:\/\/amify-studio.fr\/wp-content\/uploads\/2022\/05\/audio-file-300x300.png 300w, https:\/\/amify-studio.fr\/wp-content\/uploads\/2022\/05\/audio-file-150x150.png 150w, https:\/\/amify-studio.fr\/wp-content\/uploads\/2022\/05\/audio-file.png 512w\" sizes=\"auto, (max-width: 225px) 100vw, 225px\" \/><\/figure>\n<\/div>\n<\/div>\n\n\n\n<hr class=\"wp-block-separator has-alpha-channel-opacity\"\/>\n\n\n\n<p class=\"has-text-align-center\">Nous aborderons \u00e9galement les sujets connexes \u00e0 votre projet comme la mani\u00e8re de proc\u00e9der pour diffuser votre musique sur Spotify et autres plateformes, mais aussi sur les canaux de promotions dont vous pouvez disposer.<\/p>\n","protected":false},"excerpt":{"rendered":"<p>Mission d&rsquo;Amify Studio Les services d&rsquo;Amify Studio sont ouverts aux professionnels et aux particuliers L&rsquo;\u00e9volution technologique a permis l&rsquo;essor de nombreux artistes et \u00e0 de nouveaux genres musicaux d&rsquo;exister. L&rsquo;acc\u00e8s \u00e0 la cr\u00e9ation artistique (musicale ou autre) pour tous, tant en terme de formation qu&rsquo;en terme financier est devenue une r\u00e9alit\u00e9 en moins d&rsquo;une vingtaine [&hellip;]<\/p>\n","protected":false},"author":1,"featured_media":0,"parent":0,"menu_order":0,"comment_status":"closed","ping_status":"closed","template":"","meta":{"footnotes":""},"class_list":["post-264","page","type-page","status-publish","hentry"],"_links":{"self":[{"href":"https:\/\/amify-studio.fr\/index.php?rest_route=\/wp\/v2\/pages\/264","targetHints":{"allow":["GET"]}}],"collection":[{"href":"https:\/\/amify-studio.fr\/index.php?rest_route=\/wp\/v2\/pages"}],"about":[{"href":"https:\/\/amify-studio.fr\/index.php?rest_route=\/wp\/v2\/types\/page"}],"author":[{"embeddable":true,"href":"https:\/\/amify-studio.fr\/index.php?rest_route=\/wp\/v2\/users\/1"}],"replies":[{"embeddable":true,"href":"https:\/\/amify-studio.fr\/index.php?rest_route=%2Fwp%2Fv2%2Fcomments&post=264"}],"version-history":[{"count":22,"href":"https:\/\/amify-studio.fr\/index.php?rest_route=\/wp\/v2\/pages\/264\/revisions"}],"predecessor-version":[{"id":318,"href":"https:\/\/amify-studio.fr\/index.php?rest_route=\/wp\/v2\/pages\/264\/revisions\/318"}],"wp:attachment":[{"href":"https:\/\/amify-studio.fr\/index.php?rest_route=%2Fwp%2Fv2%2Fmedia&parent=264"}],"curies":[{"name":"wp","href":"https:\/\/api.w.org\/{rel}","templated":true}]}}