{"id":159,"date":"2022-05-21T21:56:05","date_gmt":"2022-05-21T19:56:05","guid":{"rendered":"https:\/\/amify-studio.xtr3m.net\/?page_id=159"},"modified":"2022-05-25T20:30:19","modified_gmt":"2022-05-25T18:30:19","slug":"biographie","status":"publish","type":"page","link":"https:\/\/amify-studio.fr\/?page_id=159","title":{"rendered":"A propos"},"content":{"rendered":"\n<div class=\"wp-block-group alignfull is-layout-flow wp-block-group-is-layout-flow\">\n<p class=\"has-text-align-center has-foreground-color has-background-background-color has-text-color has-background has-link-color has-large-font-size wp-elements-40a8570efce483cdb96099cd758e7fca\"><strong>Home Studio<\/strong><\/p>\n<\/div>\n\n\n\n<div class=\"wp-block-columns alignfull are-vertically-aligned-center is-layout-flex wp-container-core-columns-is-layout-c6bc58be wp-block-columns-is-layout-flex\" style=\"padding-top:0px;padding-right:0px;padding-bottom:0px;padding-left:0px\">\n<div class=\"wp-block-column is-vertically-aligned-center is-layout-flow wp-block-column-is-layout-flow\" style=\"flex-basis:33.33%\">\n<figure class=\"wp-block-image aligncenter size-large is-style-rounded\"><img loading=\"lazy\" decoding=\"async\" width=\"1024\" height=\"571\" src=\"http:\/\/192.168.20.125:8383\/wp-content\/uploads\/2022\/05\/Studio-Amify-Illustration-1024x571.jpg\" alt=\"\" class=\"wp-image-292\" srcset=\"https:\/\/amify-studio.fr\/wp-content\/uploads\/2022\/05\/Studio-Amify-Illustration-1024x571.jpg 1024w, https:\/\/amify-studio.fr\/wp-content\/uploads\/2022\/05\/Studio-Amify-Illustration-300x167.jpg 300w, https:\/\/amify-studio.fr\/wp-content\/uploads\/2022\/05\/Studio-Amify-Illustration-768x428.jpg 768w, https:\/\/amify-studio.fr\/wp-content\/uploads\/2022\/05\/Studio-Amify-Illustration-1536x857.jpg 1536w, https:\/\/amify-studio.fr\/wp-content\/uploads\/2022\/05\/Studio-Amify-Illustration-2048x1142.jpg 2048w\" sizes=\"auto, (max-width: 1024px) 100vw, 1024px\" \/><\/figure>\n<\/div>\n\n\n\n<div class=\"wp-block-column is-vertically-aligned-center is-layout-flow wp-block-column-is-layout-flow\" style=\"flex-basis:66.66%\">\n<p>Amify est un projet en \u00ab\u00a0home studio\u00a0\u00bb, c&rsquo;est-\u00e0-dire \u00e0 la maison.<\/p>\n\n\n\n<p>C&rsquo;est donc dans un cadre humble et chaleureux que je vous propose de capturer le meilleur de vos performances afin des les restituer et les sublimer sur tous supports, CD, Vinyle, Streaming, Vid\u00e9o, etc.<\/p>\n\n\n\n<p>Malgr\u00e9 un \u00e9quipement modeste en apparence, le savoir-faire que je vous apporte tire partie de logiciels et techniques mises au point pendant des ann\u00e9es, qui offre un rendu d&rsquo;une qualit\u00e9 surprenante pour un budget tr\u00e8s contenu.<\/p>\n<\/div>\n<\/div>\n\n\n\n<hr class=\"wp-block-separator has-alpha-channel-opacity\"\/>\n\n\n\n<div class=\"wp-block-group alignfull is-layout-flow wp-block-group-is-layout-flow\">\n<p class=\"has-text-align-center has-foreground-color has-background-background-color has-text-color has-background has-link-color has-large-font-size wp-elements-d73c9452c3db9dc9744b89382b0eb758\"><strong>Biographie : Quentin Bazinet<\/strong><\/p>\n<\/div>\n\n\n\n<div class=\"wp-block-columns alignfull are-vertically-aligned-center is-layout-flex wp-container-core-columns-is-layout-c6bc58be wp-block-columns-is-layout-flex\" style=\"padding-top:0px;padding-right:0px;padding-bottom:0px;padding-left:0px\">\n<div class=\"wp-block-column is-vertically-aligned-center is-layout-flow wp-block-column-is-layout-flow\" style=\"flex-basis:33.33%\">\n<figure class=\"wp-block-image aligncenter size-medium is-style-rounded\"><img loading=\"lazy\" decoding=\"async\" width=\"300\" height=\"300\" src=\"https:\/\/amify-studio.xtr3m.net\/wp-content\/uploads\/2022\/05\/Quentin-Studio-Original-gigapixel-standard-scale-2_00x-300x300.jpg\" alt=\"\" class=\"wp-image-187\" srcset=\"https:\/\/amify-studio.fr\/wp-content\/uploads\/2022\/05\/Quentin-Studio-Original-gigapixel-standard-scale-2_00x-300x300.jpg 300w, https:\/\/amify-studio.fr\/wp-content\/uploads\/2022\/05\/Quentin-Studio-Original-gigapixel-standard-scale-2_00x-1024x1024.jpg 1024w, https:\/\/amify-studio.fr\/wp-content\/uploads\/2022\/05\/Quentin-Studio-Original-gigapixel-standard-scale-2_00x-150x150.jpg 150w, https:\/\/amify-studio.fr\/wp-content\/uploads\/2022\/05\/Quentin-Studio-Original-gigapixel-standard-scale-2_00x-768x768.jpg 768w, https:\/\/amify-studio.fr\/wp-content\/uploads\/2022\/05\/Quentin-Studio-Original-gigapixel-standard-scale-2_00x-1536x1536.jpg 1536w, https:\/\/amify-studio.fr\/wp-content\/uploads\/2022\/05\/Quentin-Studio-Original-gigapixel-standard-scale-2_00x-2048x2048.jpg 2048w, https:\/\/amify-studio.fr\/wp-content\/uploads\/2022\/05\/Quentin-Studio-Original-gigapixel-standard-scale-2_00x-1568x1568.jpg 1568w\" sizes=\"auto, (max-width: 300px) 100vw, 300px\" \/><figcaption>Quentin, alias \u00ab\u00a0A.sch3\u00a0\u00bb devant son poste de travail<\/figcaption><\/figure>\n<\/div>\n\n\n\n<div class=\"wp-block-column is-vertically-aligned-center is-layout-flow wp-block-column-is-layout-flow\" style=\"flex-basis:66.66%\">\n<p>Formation initiale de pianiste en \u00e9cole de musique puis batteur en formation Jazz.<\/p>\n\n\n\n<p>La suite du parcours musical s\u2019ancre profond\u00e9ment dans la <a href=\"https:\/\/fr.wikipedia.org\/wiki\/Musique_assist%C3%A9e_par_ordinateur\">Musique Assist\u00e9e par Ordinateur<\/a> avec la cr\u00e9ation de musique \u00e9lectronique (Techno, Trance, Dubstep, \u2026) sous le nom d\u2019artiste \u00ab\u00a0Asche\u00a0\u00bb devenu <a href=\"https:\/\/g.co\/kgs\/MbW8Mq\">A.sch3<\/a> lors de la sortie du premier album \u00ab\u00a0Adequation\u00a0\u00bb en distribution digitale.<\/p>\n\n\n\n<p>Naturellement \u00e0 l&rsquo;aise avec le son num\u00e9rique, la prise en main de prestation d&rsquo;ing\u00e9nieur du son en amateur lors d&rsquo;\u00e9v\u00e8nements locaux se fait de plus en plus fr\u00e9quente, sur du mat\u00e9riel et des sc\u00e8nes toujours plus techniques.<\/p>\n\n\n\n<p>La cr\u00e9ation du studio Amify en tant qu&rsquo;auto-entrepreneur s&rsquo;en suit logiquement afin de professionnaliser l\u2019activit\u00e9 et d&rsquo;\u00e9tendre le champ des prestations.<\/p>\n<\/div>\n<\/div>\n\n\n\n<hr class=\"wp-block-separator has-alpha-channel-opacity\"\/>\n","protected":false},"excerpt":{"rendered":"<p>Home Studio Amify est un projet en \u00ab\u00a0home studio\u00a0\u00bb, c&rsquo;est-\u00e0-dire \u00e0 la maison. C&rsquo;est donc dans un cadre humble et chaleureux que je vous propose de capturer le meilleur de vos performances afin des les restituer et les sublimer sur tous supports, CD, Vinyle, Streaming, Vid\u00e9o, etc. Malgr\u00e9 un \u00e9quipement modeste en apparence, le savoir-faire [&hellip;]<\/p>\n","protected":false},"author":1,"featured_media":0,"parent":0,"menu_order":0,"comment_status":"closed","ping_status":"closed","template":"","meta":{"footnotes":""},"class_list":["post-159","page","type-page","status-publish","hentry"],"_links":{"self":[{"href":"https:\/\/amify-studio.fr\/index.php?rest_route=\/wp\/v2\/pages\/159","targetHints":{"allow":["GET"]}}],"collection":[{"href":"https:\/\/amify-studio.fr\/index.php?rest_route=\/wp\/v2\/pages"}],"about":[{"href":"https:\/\/amify-studio.fr\/index.php?rest_route=\/wp\/v2\/types\/page"}],"author":[{"embeddable":true,"href":"https:\/\/amify-studio.fr\/index.php?rest_route=\/wp\/v2\/users\/1"}],"replies":[{"embeddable":true,"href":"https:\/\/amify-studio.fr\/index.php?rest_route=%2Fwp%2Fv2%2Fcomments&post=159"}],"version-history":[{"count":18,"href":"https:\/\/amify-studio.fr\/index.php?rest_route=\/wp\/v2\/pages\/159\/revisions"}],"predecessor-version":[{"id":316,"href":"https:\/\/amify-studio.fr\/index.php?rest_route=\/wp\/v2\/pages\/159\/revisions\/316"}],"wp:attachment":[{"href":"https:\/\/amify-studio.fr\/index.php?rest_route=%2Fwp%2Fv2%2Fmedia&parent=159"}],"curies":[{"name":"wp","href":"https:\/\/api.w.org\/{rel}","templated":true}]}}