{"id":153,"date":"2022-05-21T21:52:11","date_gmt":"2022-05-21T19:52:11","guid":{"rendered":"https:\/\/amify-studio.xtr3m.net\/?page_id=153"},"modified":"2026-03-07T16:42:46","modified_gmt":"2026-03-07T15:42:46","slug":"bienvenue","status":"publish","type":"page","link":"https:\/\/amify-studio.fr\/","title":{"rendered":"Accueil"},"content":{"rendered":"\n<div class=\"wp-block-columns is-layout-flex wp-container-core-columns-is-layout-28f84493 wp-block-columns-is-layout-flex\">\n<div class=\"wp-block-column is-layout-flow wp-block-column-is-layout-flow\" style=\"flex-basis:100%\">\n<div class=\"wp-block-columns are-vertically-aligned-center is-layout-flex wp-container-core-columns-is-layout-28f84493 wp-block-columns-is-layout-flex\">\n<div class=\"wp-block-column is-vertically-aligned-center is-layout-flow wp-block-column-is-layout-flow\" style=\"flex-basis:80px\">\n<figure class=\"wp-block-image aligncenter size-thumbnail is-resized\"><img loading=\"lazy\" decoding=\"async\" width=\"150\" height=\"150\" src=\"https:\/\/amify-studio.fr\/wp-content\/uploads\/2022\/05\/Devis-logo-150x150.png\" alt=\"Devis logo\" class=\"wp-image-304\" style=\"object-fit:contain;width:80px;height:80px\" srcset=\"https:\/\/amify-studio.fr\/wp-content\/uploads\/2022\/05\/Devis-logo-150x150.png 150w, https:\/\/amify-studio.fr\/wp-content\/uploads\/2022\/05\/Devis-logo-300x300.png 300w, https:\/\/amify-studio.fr\/wp-content\/uploads\/2022\/05\/Devis-logo.png 512w\" sizes=\"auto, (max-width: 150px) 100vw, 150px\" \/><\/figure>\n<\/div>\n\n\n\n<div class=\"wp-block-column is-vertically-aligned-center is-layout-flow wp-block-column-is-layout-flow\">\n<p>Devis et d\u00e9mo gratuite sur simple demande ! <a href=\"https:\/\/amify-studio.fr\/?page_id=64\" data-type=\"page\" data-id=\"64\">Prestations\/Contact<\/a><\/p>\n<\/div>\n<\/div>\n<\/div>\n<\/div>\n\n\n\n<figure class=\"wp-block-image alignfull size-full\"><img loading=\"lazy\" decoding=\"async\" width=\"2560\" height=\"1072\" src=\"https:\/\/amify-studio.xtr3m.net\/wp-content\/uploads\/2022\/05\/Fond-wp-01-scaled.jpg\" alt=\"Fond du site\" class=\"wp-image-7\" srcset=\"https:\/\/amify-studio.fr\/wp-content\/uploads\/2022\/05\/Fond-wp-01-scaled.jpg 2560w, https:\/\/amify-studio.fr\/wp-content\/uploads\/2022\/05\/Fond-wp-01-300x126.jpg 300w, https:\/\/amify-studio.fr\/wp-content\/uploads\/2022\/05\/Fond-wp-01-1024x429.jpg 1024w, https:\/\/amify-studio.fr\/wp-content\/uploads\/2022\/05\/Fond-wp-01-768x321.jpg 768w, https:\/\/amify-studio.fr\/wp-content\/uploads\/2022\/05\/Fond-wp-01-1536x643.jpg 1536w, https:\/\/amify-studio.fr\/wp-content\/uploads\/2022\/05\/Fond-wp-01-2048x857.jpg 2048w\" sizes=\"auto, (max-width: 2560px) 100vw, 2560px\" \/><\/figure>\n\n\n\n<div class=\"wp-block-columns alignfull is-layout-flex wp-container-core-columns-is-layout-28f84493 wp-block-columns-is-layout-flex\">\n<div class=\"wp-block-column is-layout-flow wp-block-column-is-layout-flow\">\n<p class=\"has-text-align-center has-foreground-color has-background-background-color has-text-color has-background has-link-color has-large-font-size wp-elements-ca0aa7aa62f73ed2d881fe2118499846\">Amify Studio vous propose des prestations autour de la technique du son et plus encore. <br><br><a href=\"https:\/\/amify-studio.fr\/?page_id=64\"><strong>Cliquez-ici pour plus de renseignements sur les services et tarifs d&rsquo;Amify Studio.<\/strong><\/a><br><br>R\u00e9alisations par Amify Studio :<\/p>\n<\/div>\n<\/div>\n\n\n\n<div class=\"wp-block-columns alignfull are-vertically-aligned-center is-layout-flex wp-container-core-columns-is-layout-28f84493 wp-block-columns-is-layout-flex\">\n<div class=\"wp-block-column is-vertically-aligned-center is-layout-flow wp-block-column-is-layout-flow\" style=\"flex-basis:25%\">\n<figure class=\"wp-block-image aligncenter size-full\"><img loading=\"lazy\" decoding=\"async\" width=\"128\" height=\"128\" src=\"https:\/\/amify-studio.fr\/wp-content\/uploads\/2024\/04\/Eludya-A.sch3_.png\" alt=\"\" class=\"wp-image-337\"\/><figcaption class=\"wp-element-caption\">Eludya<\/figcaption><\/figure>\n<\/div>\n\n\n\n<div class=\"wp-block-column is-vertically-aligned-center is-layout-flow wp-block-column-is-layout-flow\" style=\"flex-basis:50%\">\n<figure class=\"wp-block-embed is-type-video is-provider-youtube wp-block-embed-youtube wp-embed-aspect-16-9 wp-has-aspect-ratio\"><div class=\"wp-block-embed__wrapper\">\n<iframe loading=\"lazy\" title=\"Eludya: Before the Storm (Official Lyrics Video)\" width=\"500\" height=\"281\" src=\"https:\/\/www.youtube.com\/embed\/XIYjf74S-jk?feature=oembed\" frameborder=\"0\" allow=\"accelerometer; autoplay; clipboard-write; encrypted-media; gyroscope; picture-in-picture; web-share\" referrerpolicy=\"strict-origin-when-cross-origin\" allowfullscreen><\/iframe>\n<\/div><figcaption class=\"wp-element-caption\">Clip de la chanson \u00ab\u00a0Before the Storm\u00a0\u00bb<\/figcaption><\/figure>\n<\/div>\n\n\n\n<div class=\"wp-block-column is-vertically-aligned-center is-layout-flow wp-block-column-is-layout-flow\" style=\"flex-basis:25%\">\n<p>R\u00e9alisation avec Eludya :<\/p>\n\n\n\n<p class=\"has-small-font-size\">Eludya est le groupe de musique Rock heavy m\u00e9lodique au influences diverses, bas\u00e9 entre Grenoble et Lyon<\/p>\n\n\n\n<p>Production musical :<\/p>\n\n\n\n<ul class=\"wp-block-list\">\n<li>Enregistrements des musiciens<\/li>\n\n\n\n<li>Mixage<\/li>\n\n\n\n<li>Arrangement de l&rsquo;album<\/li>\n\n\n\n<li>Son du kit batterie<\/li>\n\n\n\n<li>Mastering pour diffusion en streaming<\/li>\n\n\n\n<li>Mastering pour pressage CD<\/li>\n\n\n\n<li><a href=\"https:\/\/eludyaband.fr\" target=\"_blank\" rel=\"noreferrer noopener\">https:\/\/eludyaband.fr<\/a><\/li>\n<\/ul>\n\n\n\n<p>Annexes :<\/p>\n\n\n\n<ul class=\"wp-block-list\">\n<li>R\u00e9alisation de visuels images, logo, etc<\/li>\n\n\n\n<li>Capture vid\u00e9o multi-cam<\/li>\n\n\n\n<li>Montage clip vid\u00e9o, effets visuels<\/li>\n<\/ul>\n<\/div>\n<\/div>\n\n\n\n<div class=\"wp-block-columns alignfull are-vertically-aligned-center is-layout-flex wp-container-core-columns-is-layout-28f84493 wp-block-columns-is-layout-flex\">\n<div class=\"wp-block-column is-vertically-aligned-center is-layout-flow wp-block-column-is-layout-flow\" style=\"flex-basis:25%\">\n<figure class=\"wp-block-image aligncenter size-full\"><img loading=\"lazy\" decoding=\"async\" width=\"128\" height=\"128\" src=\"https:\/\/amify-studio.xtr3m.net\/wp-content\/uploads\/2022\/05\/Corvius-A.sch3_.png\" alt=\"Logo Corvius\" class=\"wp-image-31\"\/><figcaption class=\"wp-element-caption\">CORVIUS<\/figcaption><\/figure>\n<\/div>\n\n\n\n<div class=\"wp-block-column is-vertically-aligned-center is-layout-flow wp-block-column-is-layout-flow\" style=\"flex-basis:50%\">\n<figure class=\"wp-block-embed is-type-video is-provider-youtube wp-block-embed-youtube wp-embed-aspect-16-9 wp-has-aspect-ratio\"><div class=\"wp-block-embed__wrapper\">\n<iframe loading=\"lazy\" title=\"CORVIUS \u2013 The Discovery ft. Warheaven, Nephty and A.sch3 (Cinematic Symphonic Metal Music)\" width=\"500\" height=\"281\" src=\"https:\/\/www.youtube.com\/embed\/uAdWxJKBh6c?feature=oembed\" frameborder=\"0\" allow=\"accelerometer; autoplay; clipboard-write; encrypted-media; gyroscope; picture-in-picture; web-share\" referrerpolicy=\"strict-origin-when-cross-origin\" allowfullscreen><\/iframe>\n<\/div><figcaption class=\"wp-element-caption\">Clip de la chanson \u00ab\u00a0The Discovery\u00a0\u00bb<\/figcaption><\/figure>\n<\/div>\n\n\n\n<div class=\"wp-block-column is-vertically-aligned-center is-layout-flow wp-block-column-is-layout-flow\" style=\"flex-basis:25%\">\n<p>R\u00e9alisation avec Corvius :<\/p>\n\n\n\n<p class=\"has-small-font-size\">Corvius est un groupe de m\u00e9tal cin\u00e9matique aux influences Djent bas\u00e9 \u00e0 Paris.<\/p>\n\n\n\n<ul class=\"wp-block-list\">\n<li>Mixage des stems<\/li>\n\n\n\n<li>Son du kit batterie<\/li>\n\n\n\n<li>Mastering pour diffusion en streaming<\/li>\n\n\n\n<li><a rel=\"noreferrer noopener\" href=\"http:\/\/www.corviusmusic.com\/\" target=\"_blank\">http:\/\/www.corviusmusic.com\/<\/a><\/li>\n<\/ul>\n<\/div>\n<\/div>\n\n\n\n<div class=\"wp-block-columns alignfull are-vertically-aligned-center is-layout-flex wp-container-core-columns-is-layout-28f84493 wp-block-columns-is-layout-flex\">\n<div class=\"wp-block-column is-vertically-aligned-center is-layout-flow wp-block-column-is-layout-flow\" style=\"flex-basis:25%\">\n<figure class=\"wp-block-image aligncenter size-full\"><img loading=\"lazy\" decoding=\"async\" width=\"128\" height=\"128\" src=\"https:\/\/amify-studio.xtr3m.net\/wp-content\/uploads\/2022\/05\/Souffle-de-brume-A.sch3_.png\" alt=\"Souffle de brume logo\" class=\"wp-image-43\"\/><figcaption class=\"wp-element-caption\">Souffle de Brume<\/figcaption><\/figure>\n<\/div>\n\n\n\n<div class=\"wp-block-column is-layout-flow wp-block-column-is-layout-flow\">\n<figure class=\"wp-block-embed is-type-video is-provider-youtube wp-block-embed-youtube wp-embed-aspect-16-9 wp-has-aspect-ratio\"><div class=\"wp-block-embed__wrapper\">\n<iframe loading=\"lazy\" title=\"Souffle de Brume\" width=\"500\" height=\"281\" src=\"https:\/\/www.youtube.com\/embed\/pWzA1yhWOws?feature=oembed\" frameborder=\"0\" allow=\"accelerometer; autoplay; clipboard-write; encrypted-media; gyroscope; picture-in-picture; web-share\" referrerpolicy=\"strict-origin-when-cross-origin\" allowfullscreen><\/iframe>\n<\/div><figcaption class=\"wp-element-caption\">Aper\u00e7u du spectacle<\/figcaption><\/figure>\n<\/div>\n\n\n\n<div class=\"wp-block-column is-vertically-aligned-center is-layout-flow wp-block-column-is-layout-flow\" style=\"flex-basis:25%\">\n<p>R\u00e9alisation avec Souffle de brume:<\/p>\n\n\n\n<p class=\"has-small-font-size\">Groupe de musique du monde en Is\u00e8re et aux alentours. Un spectacle son et lumi\u00e8re vivant et hypnotisant.<\/p>\n\n\n\n<ul class=\"wp-block-list\">\n<li>Composition de bande son d&rsquo;accompagnement<\/li>\n\n\n\n<li>Mixage<\/li>\n\n\n\n<li>Jeux de lumi\u00e8res programm\u00e9s<\/li>\n\n\n\n<li>R\u00e9gisseur son lors des spectacles<\/li>\n\n\n\n<li><a rel=\"noreferrer noopener\" href=\"https:\/\/www.facebook.com\/lachante.meheux.9\" target=\"_blank\">https:\/\/www.facebook.com\/lachante.meheux.9<\/a><\/li>\n<\/ul>\n<\/div>\n<\/div>\n\n\n\n<div class=\"wp-block-columns alignfull are-vertically-aligned-center is-layout-flex wp-container-core-columns-is-layout-28f84493 wp-block-columns-is-layout-flex\">\n<div class=\"wp-block-column is-vertically-aligned-center is-layout-flow wp-block-column-is-layout-flow\" style=\"flex-basis:25%\">\n<figure class=\"wp-block-image aligncenter size-full\"><img loading=\"lazy\" decoding=\"async\" width=\"128\" height=\"128\" src=\"https:\/\/amify-studio.xtr3m.net\/wp-content\/uploads\/2022\/05\/Fred-Garcia-A.sch3_.png\" alt=\"Fred Garcia\" class=\"wp-image-34\"\/><figcaption class=\"wp-element-caption\">Fred Garcia<\/figcaption><\/figure>\n<\/div>\n\n\n\n<div class=\"wp-block-column is-layout-flow wp-block-column-is-layout-flow\">\n<figure class=\"wp-block-embed is-type-video is-provider-youtube wp-block-embed-youtube wp-embed-aspect-16-9 wp-has-aspect-ratio\"><div class=\"wp-block-embed__wrapper\">\n<iframe loading=\"lazy\" title=\"A\u00efe !\" width=\"500\" height=\"281\" src=\"https:\/\/www.youtube.com\/embed\/sqJ1Xr3H_tE?feature=oembed\" frameborder=\"0\" allow=\"accelerometer; autoplay; clipboard-write; encrypted-media; gyroscope; picture-in-picture; web-share\" referrerpolicy=\"strict-origin-when-cross-origin\" allowfullscreen><\/iframe>\n<\/div><figcaption class=\"wp-element-caption\">Clip de la chanson \u00ab\u00a0Aie\u00a0\u00bb de l&rsquo;album \u00ab\u00a0Le Nouveau Monde\u00a0\u00bb<\/figcaption><\/figure>\n<\/div>\n\n\n\n<div class=\"wp-block-column is-vertically-aligned-center is-layout-flow wp-block-column-is-layout-flow\" style=\"flex-basis:25%\">\n<p>R\u00e9alisation avec Fred Garcia :<\/p>\n\n\n\n<p class=\"has-small-font-size\">Fred Garcia est un artiste compositeur interpr\u00e8te<\/p>\n\n\n\n<ul class=\"wp-block-list\">\n<li>Enregistrement chant<\/li>\n\n\n\n<li>Enregistrement instruments<\/li>\n\n\n\n<li>Mixage de l&rsquo;album<\/li>\n\n\n\n<li>Mastering CD<\/li>\n\n\n\n<li><a href=\"http:\/\/www.fredgarcia.fr\" data-type=\"URL\" data-id=\"www.fredgarcia.fr\">www.fredgarcia.fr<\/a><\/li>\n\n\n\n<li><a rel=\"noreferrer noopener\" href=\"https:\/\/www.facebook.com\/fred.garcia01\" target=\"_blank\">https:\/\/www.facebook.com\/fred.garcia01<\/a><\/li>\n<\/ul>\n<\/div>\n<\/div>\n\n\n\n<div class=\"wp-block-columns alignfull are-vertically-aligned-center is-layout-flex wp-container-core-columns-is-layout-28f84493 wp-block-columns-is-layout-flex\">\n<div class=\"wp-block-column is-vertically-aligned-center is-layout-flow wp-block-column-is-layout-flow\" style=\"flex-basis:25%\">\n<figure class=\"wp-block-image aligncenter size-full\"><img loading=\"lazy\" decoding=\"async\" width=\"128\" height=\"128\" src=\"https:\/\/amify-studio.xtr3m.net\/wp-content\/uploads\/2022\/05\/Frozen-Sand-A.sch3_.png\" alt=\"Urban Terror logo\" class=\"wp-image-35\"\/><figcaption class=\"wp-element-caption\">Frozen Sand, Urban Terror<\/figcaption><\/figure>\n<\/div>\n\n\n\n<div class=\"wp-block-column is-layout-flow wp-block-column-is-layout-flow\">\n<figure class=\"wp-block-embed is-type-video is-provider-youtube wp-block-embed-youtube wp-embed-aspect-16-9 wp-has-aspect-ratio\"><div class=\"wp-block-embed__wrapper\">\n<iframe loading=\"lazy\" title=\"Pre-Alpha Raw Gameplay Footage \/\/ Urban Terror 5\" width=\"500\" height=\"281\" src=\"https:\/\/www.youtube.com\/embed\/_-uPJNkidIc?feature=oembed\" frameborder=\"0\" allow=\"accelerometer; autoplay; clipboard-write; encrypted-media; gyroscope; picture-in-picture; web-share\" referrerpolicy=\"strict-origin-when-cross-origin\" allowfullscreen><\/iframe>\n<\/div><figcaption class=\"wp-element-caption\">Urban Terror Gameplay<\/figcaption><\/figure>\n<\/div>\n\n\n\n<div class=\"wp-block-column is-vertically-aligned-center is-layout-flow wp-block-column-is-layout-flow\" style=\"flex-basis:25%\">\n<p>R\u00e9alisation b\u00e9n\u00e9vole avec Frozen Sand :<\/p>\n\n\n\n<p class=\"has-small-font-size\">Frozen Sand est un studio d&rsquo;\u00e9dition du jeux vid\u00e9o gratuit \u00ab\u00a0Urban Terror\u00a0\u00bb<\/p>\n\n\n\n<ul class=\"wp-block-list\">\n<li>Sound Design des armes<\/li>\n\n\n\n<li><a rel=\"noreferrer noopener\" href=\"https:\/\/www.urbanterror.info\/home\/\" target=\"_blank\">https:\/\/www.urbanterror.info\/home\/<\/a><\/li>\n<\/ul>\n<\/div>\n<\/div>\n\n\n\n<div class=\"wp-block-column is-vertically-aligned-center is-layout-flow wp-block-column-is-layout-flow\" style=\"flex-basis:25%\"><\/div>\n\n\n\n<div class=\"wp-block-columns alignfull are-vertically-aligned-center is-layout-flex wp-container-core-columns-is-layout-28f84493 wp-block-columns-is-layout-flex\">\n<div class=\"wp-block-column is-vertically-aligned-center is-layout-flow wp-block-column-is-layout-flow\" style=\"flex-basis:25%\">\n<figure class=\"wp-block-image aligncenter size-full\"><img loading=\"lazy\" decoding=\"async\" width=\"128\" height=\"128\" src=\"https:\/\/amify-studio.xtr3m.net\/wp-content\/uploads\/2022\/05\/Albums-A.sch3_.png\" alt=\"A.sch3 Album\" class=\"wp-image-28\"\/><figcaption class=\"wp-element-caption\">Projets personnels A.sch3<\/figcaption><\/figure>\n<\/div>\n\n\n\n<div class=\"wp-block-column is-layout-flow wp-block-column-is-layout-flow\">\n<figure class=\"wp-block-embed is-type-video is-provider-youtube wp-block-embed-youtube wp-embed-aspect-4-3 wp-has-aspect-ratio\"><div class=\"wp-block-embed__wrapper\">\n<iframe loading=\"lazy\" title=\"Seeking Highs\" width=\"500\" height=\"375\" src=\"https:\/\/www.youtube.com\/embed\/0VTRz6Nq6II?feature=oembed\" frameborder=\"0\" allow=\"accelerometer; autoplay; clipboard-write; encrypted-media; gyroscope; picture-in-picture; web-share\" referrerpolicy=\"strict-origin-when-cross-origin\" allowfullscreen><\/iframe>\n<\/div><\/figure>\n<\/div>\n\n\n\n<div class=\"wp-block-column is-vertically-aligned-center is-layout-flow wp-block-column-is-layout-flow\" style=\"flex-basis:25%\">\n<p>Projets personnels<\/p>\n\n\n\n<p class=\"has-small-font-size\">Mes projets personnels<\/p>\n\n\n\n<ul class=\"wp-block-list\">\n<li>Composition de musique \u00e9lectronique<\/li>\n\n\n\n<li>Composition de musique Rock et Metal Symphonique<\/li>\n\n\n\n<li>R\u00e9alisation de clip amateur de chanson Rock Alternatif<\/li>\n\n\n\n<li>Musique publi\u00e9 : <a href=\"https:\/\/youtube.com\/channel\/UCfEnFPmFIO5xDQxcvg2NSXA?si=PKgokzcc0Yjdh61V\">https:\/\/youtube.com\/channel\/UCfEnFPmFIO5xDQxcvg2NSXA?si=PKgokzcc0Yjdh61V<\/a><\/li>\n\n\n\n<li>Chaine perso : <a href=\"https:\/\/www.youtube.com\/user\/Aschefr\" target=\"_blank\" rel=\"noreferrer noopener\">https:\/\/www.youtube.com\/user\/Aschefr<\/a><\/li>\n\n\n\n<li>Projet m\u00e9tal solo : <a href=\"https:\/\/lyrisproject.fr\/\" target=\"_blank\" rel=\"noreferrer noopener\">https:\/\/lyrisproject.fr\/<\/a><\/li>\n\n\n\n<li>Facebook : <a href=\"https:\/\/www.facebook.com\/people\/Asch3\/100063695135320\/\">https:\/\/www.facebook.com\/people\/Asch3\/100063695135320\/<\/a><\/li>\n\n\n\n<li>Premi\u00e8re place \u00e0 la 17e \u00e9dition du concours HOFA MIX CONTEST cat\u00e9gorie \u00ab\u00a0REMIX\u00a0\u00bb : <a href=\"https:\/\/hofa-college.de\/en\/blog\/xmas-mix-contest-2025\/\">https:\/\/hofa-college.de\/en\/blog\/xmas-mix-contest-2025\/<\/a><\/li>\n<\/ul>\n<\/div>\n<\/div>\n","protected":false},"excerpt":{"rendered":"<p>Devis et d\u00e9mo gratuite sur simple demande ! Prestations\/Contact Amify Studio vous propose des prestations autour de la technique du son et plus encore. Cliquez-ici pour plus de renseignements sur les services et tarifs d&rsquo;Amify Studio. R\u00e9alisations par Amify Studio : R\u00e9alisation avec Eludya : Eludya est le groupe de musique Rock heavy m\u00e9lodique au [&hellip;]<\/p>\n","protected":false},"author":1,"featured_media":0,"parent":0,"menu_order":0,"comment_status":"closed","ping_status":"closed","template":"","meta":{"footnotes":""},"class_list":["post-153","page","type-page","status-publish","hentry"],"_links":{"self":[{"href":"https:\/\/amify-studio.fr\/index.php?rest_route=\/wp\/v2\/pages\/153","targetHints":{"allow":["GET"]}}],"collection":[{"href":"https:\/\/amify-studio.fr\/index.php?rest_route=\/wp\/v2\/pages"}],"about":[{"href":"https:\/\/amify-studio.fr\/index.php?rest_route=\/wp\/v2\/types\/page"}],"author":[{"embeddable":true,"href":"https:\/\/amify-studio.fr\/index.php?rest_route=\/wp\/v2\/users\/1"}],"replies":[{"embeddable":true,"href":"https:\/\/amify-studio.fr\/index.php?rest_route=%2Fwp%2Fv2%2Fcomments&post=153"}],"version-history":[{"count":37,"href":"https:\/\/amify-studio.fr\/index.php?rest_route=\/wp\/v2\/pages\/153\/revisions"}],"predecessor-version":[{"id":378,"href":"https:\/\/amify-studio.fr\/index.php?rest_route=\/wp\/v2\/pages\/153\/revisions\/378"}],"wp:attachment":[{"href":"https:\/\/amify-studio.fr\/index.php?rest_route=%2Fwp%2Fv2%2Fmedia&parent=153"}],"curies":[{"name":"wp","href":"https:\/\/api.w.org\/{rel}","templated":true}]}}